{"id":14199,"date":"2022-08-03T06:59:07","date_gmt":"2022-08-03T06:59:07","guid":{"rendered":"https:\/\/wordpressthemes.live\/WP02\/WP029\/?page_id=14199"},"modified":"2024-11-03T14:41:42","modified_gmt":"2024-11-03T14:41:42","slug":"tooth-whitening","status":"publish","type":"page","link":"https:\/\/www.pulawska-stomatolog.pl\/?page_id=14199","title":{"rendered":"O mnie"},"content":{"rendered":"\t\t<div data-elementor-type=\"wp-page\" data-elementor-id=\"14199\" class=\"elementor elementor-14199\">\n\t\t\t\t\t\t<div class=\"elementor-section elementor-top-section elementor-element elementor-element-9600faf elementor-section-boxed elementor-section-height-default elementor-section-height-default\" data-id=\"9600faf\" data-element_type=\"section\" data-e-type=\"section\">\n\t\t\t\t\t\t<div class=\"elementor-container elementor-column-gap-default\">\n\t\t\t\t\t<div class=\"elementor-column elementor-col-100 elementor-top-column elementor-element elementor-element-27ec3c2\" data-id=\"27ec3c2\" data-element_type=\"column\" data-e-type=\"column\">\n\t\t\t<div class=\"elementor-widget-wrap elementor-element-populated\">\n\t\t\t\t\t\t<div class=\"elementor-section elementor-inner-section elementor-element elementor-element-15d20be elementor-section-boxed elementor-section-height-default elementor-section-height-default\" data-id=\"15d20be\" data-element_type=\"section\" data-e-type=\"section\">\n\t\t\t\t\t\t<div class=\"elementor-container elementor-column-gap-default\">\n\t\t\t\t\t<div class=\"elementor-column elementor-col-100 elementor-inner-column elementor-element elementor-element-1e97a37\" data-id=\"1e97a37\" data-element_type=\"column\" data-e-type=\"column\">\n\t\t\t<div class=\"elementor-widget-wrap elementor-element-populated\">\n\t\t\t\t\t\t<div class=\"elementor-element elementor-element-100e39a elementor-widget__width-initial elementor-widget elementor-widget-text-editor\" data-id=\"100e39a\" data-element_type=\"widget\" data-e-type=\"widget\" data-widget_type=\"text-editor.default\">\n\t\t\t\t<div class=\"elementor-widget-container\">\n\t\t\t\t\t\t\t\t\t<p>Przebyte kursy i konferencje:<\/p><ul><li><span style=\"color: var( --e-global-color-text ); font-family: var( --e-global-typography-text-font-family ), Sans-serif; font-weight: var( --e-global-typography-text-font-weight ); background-color: transparent; letter-spacing: 0.1px;\">Zastosowanie toksyny botulinowej i kwasu hialuronowego w gabinecie stomatologicznym. Medycyna estetyczna w gabinecie stomatologicznym &#8211; kompleksowe, wielospecjalistyczne spojrzenie na naszych pacjenowt, prowadzacy lek.dent.Karolina Kusnierz<\/span><\/li><li><span style=\"color: var( --e-global-color-text ); font-family: var( --e-global-typography-text-font-family ), Sans-serif; font-weight: var( --e-global-typography-text-font-weight ); background-color: transparent; letter-spacing: 0.1px;\">EndoHero, prowadz\u0105cy lek. dent. Tomasz Wujec<\/span><\/li><li>Ekstremalne krzywizny- nowoczesna endodoncja, program intensywny. Stopie\u0144 2, prowadz\u0105cy dr n. med. Piotr Wujec \u2013 18.02.2023r.<\/li><li>Chwy\u0107 endodoncj\u0119 za rogi stopie\u0144 2, prowadz\u0105cy lek. dent. Bart\u0142omiej Kara\u015b \u2013 2022r.<\/li><li>Bonding \u2013 efektywna i efektowna odbudowa kompozytowa w odcinku przednim, prowadz\u0105cy lek. dent. Marcin Krupi\u0144ski- \u2013 29.05.2021r.<\/li><li>Kompozytowa rehabilitacja estetyczna, prowadz\u0105cy lek. dent. Dawid Pisuk \u2013 09-10.04.2021r.<\/li><li>Prace na teleskopach \u2013 krok po kroku, prowadz\u0105cy Jens-Christian Katzschner 06.09.2019r.<\/li><li>Adhezyjne odbudowy protetyczne z\u0119b\u00f3w leczonych endodontycznie w odcinku bocznym \u2013 wyk\u0142ad i warsztat praktyczny, prowadz\u0105cy lek. dent. Bart\u0142omiej Kara\u015b\u2013 25-26.05.2019r.<\/li><li>Chwy\u0107 endodoncj\u0119 za rogi \u2013 kurs I stopnia rozwijaj\u0105cy umiej\u0119tno\u015bci leczenia kana\u0142owego w mikroskopie zabiegowym, prowadz\u0105cy lek. dent. Monika Dzieci\u0105tkowska \u2013 07-08.03.2019r.<\/li><li>Konferencja: Mosty protetyczne w codziennej praktyce stomatologicznej \u2013 26.01.2019r.<\/li><li>Most adhezyjny na jednej wizycie, prowadz\u0105cy lek. dent. Micha\u0142 Bia\u0142y \u2013 26.01.2019r.<\/li><li>Estetyka i precyzja w wype\u0142nianiu z\u0119b\u00f3w bocznych, czyli inny wymiar codziennej praktyki, prowadz\u0105cy lek. stom. Maxim Stosek \u2013 poziom II \u2013 28.10.2018r.<\/li><li>Kompleksowa estetyka kompozytowa \u2013 od wype\u0142nie\u0144 po lic\u00f3wki, prowadz\u0105cy lek. stom. Maxim Stosek \u2013 poziom I \u2013 27.10.2018r.<\/li><li>Kurs: ABC powodzenia w endodoncji \u2013 26.10.2018r.<\/li><li>ABC uraz\u00f3w z\u0119b\u00f3w i cz\u0119\u015bci twarzowej czaszki \u2013 20.10.2018r.<\/li><li>Konferencja i warsztaty: Proste i estetyczne rekonstrukcje z\u0119b\u00f3w bocznych \u2013 07.04.2018r.<\/li><li>Kurs: Aspekty kliniczne i teoretyczne opracowania z\u0119b\u00f3w pod korony i mosty protetyczne, prowadz\u0105cy dr n. med. Bohdan B\u0105czkowski \u2013 12.05.2018r.<\/li><li>Stany nag\u0142e w gabinecie lekarskim \u2013 post\u0119powanie praktyczne \u2013 17.03.2018r., 11.06.2022r.<\/li><li>Zesp\u00f3\u0142 endo-perio. Etiologia, diagnostyka, leczenie \u2013 24.02.2018r.<\/li><li>Konferencja: Endoprotetyka tradycyjna i cyfrowa \u2013 27.01.2018r.<\/li><li>Konferencja: Diagnostyka problem\u00f3w dzi\u0105s\u0142owo-\u015bluz\u00f3wkowych i podstawowe zabiegi periodontologiczne wykonywane w praktyce stomatologicznej \u2013 07.10.2017r.<\/li><\/ul>\t\t\t\t\t\t\t\t<\/div>\n\t\t\t\t<\/div>\n\t\t\t\t\t<\/div>\n\t\t<\/div>\n\t\t\t\t\t<\/div>\n\t\t<\/div>\n\t\t\t\t<div class=\"elementor-section elementor-inner-section elementor-element elementor-element-34500eb elementor-section-boxed elementor-section-height-default elementor-section-height-default\" data-id=\"34500eb\" data-element_type=\"section\" data-e-type=\"section\">\n\t\t\t\t\t\t<div class=\"elementor-container elementor-column-gap-default\">\n\t\t\t\t\t<div class=\"elementor-column elementor-col-100 elementor-inner-column elementor-element elementor-element-09fbe00 cms-banner-inner\" data-id=\"09fbe00\" data-element_type=\"column\" data-e-type=\"column\">\n\t\t\t<div class=\"elementor-widget-wrap elementor-element-populated\">\n\t\t\t\t\t\t<div class=\"elementor-element elementor-element-6794c70 elementor-widget elementor-widget-image\" data-id=\"6794c70\" data-element_type=\"widget\" data-e-type=\"widget\" data-widget_type=\"image.default\">\n\t\t\t\t<div class=\"elementor-widget-container\">\n\t\t\t\t\t\t\t\t\t\t\t\t\t\t\t<img fetchpriority=\"high\" decoding=\"async\" width=\"681\" height=\"1024\" src=\"https:\/\/www.pulawska-stomatolog.pl\/wp-content\/uploads\/2024\/11\/DSC_4309-681x1024.jpg\" class=\"attachment-large size-large wp-image-14493\" alt=\"\" srcset=\"https:\/\/www.pulawska-stomatolog.pl\/wp-content\/uploads\/2024\/11\/DSC_4309-681x1024.jpg 681w, https:\/\/www.pulawska-stomatolog.pl\/wp-content\/uploads\/2024\/11\/DSC_4309-200x300.jpg 200w, https:\/\/www.pulawska-stomatolog.pl\/wp-content\/uploads\/2024\/11\/DSC_4309-768x1154.jpg 768w, https:\/\/www.pulawska-stomatolog.pl\/wp-content\/uploads\/2024\/11\/DSC_4309-1022x1536.jpg 1022w, https:\/\/www.pulawska-stomatolog.pl\/wp-content\/uploads\/2024\/11\/DSC_4309-1363x2048.jpg 1363w, https:\/\/www.pulawska-stomatolog.pl\/wp-content\/uploads\/2024\/11\/DSC_4309-600x902.jpg 600w, https:\/\/www.pulawska-stomatolog.pl\/wp-content\/uploads\/2024\/11\/DSC_4309-scaled.jpg 1703w\" sizes=\"(max-width: 681px) 100vw, 681px\" \/>\t\t\t\t\t\t\t\t\t\t\t\t\t\t\t<\/div>\n\t\t\t\t<\/div>\n\t\t\t\t\t<\/div>\n\t\t<\/div>\n\t\t\t\t\t<\/div>\n\t\t<\/div>\n\t\t\t\t\t<\/div>\n\t\t<\/div>\n\t\t\t\t\t<\/div>\n\t\t<\/div>\n\t\t\t\t<\/div>\n\t\t","protected":false},"excerpt":{"rendered":"<p>Przebyte kursy i konferencje: Zastosowanie toksyny botulinowej i kwasu hialuronowego w gabinecie stomatologicznym. Medycyna estetyczna w gabinecie stomatologicznym &#8211; kompleksowe, wielospecjalistyczne spojrzenie na naszych pacjenowt, prowadzacy lek.dent.Karolina Kusnierz EndoHero, prowadz\u0105cy lek. dent. Tomasz Wujec Ekstremalne krzywizny- nowoczesna endodoncja, program intensywny. Stopie\u0144 2, prowadz\u0105cy dr n. med. Piotr Wujec \u2013 18.02.2023r. Chwy\u0107 endodoncj\u0119 za rogi stopie\u0144&#8230;<\/p>\n","protected":false},"author":1,"featured_media":0,"parent":0,"menu_order":0,"comment_status":"closed","ping_status":"closed","template":"","meta":{"_sitemap_exclude":false,"_sitemap_priority":"","_sitemap_frequency":"","_tbt_post_transparent":"","_tbt_post_title":"default","_tbt_post_layout":"normal","_tbt_post_sidebar_id":"","_tbt_post_content_style":"unboxed","_tbt_post_vertical_padding":"hide","_tbt_post_feature":"hide","_tbt_post_feature_position":"","_tbt_post_header":false,"_tbt_post_footer":false},"class_list":["post-14199","page","type-page","status-publish","hentry"],"yoast_head":"<!-- This site is optimized with the Yoast SEO plugin v27.4 - https:\/\/yoast.com\/product\/yoast-seo-wordpress\/ -->\n<title>O mnie - Lekarz dentysta Agnieszka Pu\u0142awska-Ga\u0142ek<\/title>\n<meta name=\"robots\" content=\"index, follow, max-snippet:-1, max-image-preview:large, max-video-preview:-1\" \/>\n<link rel=\"canonical\" href=\"https:\/\/www.pulawska-stomatolog.pl\/?page_id=14199\" \/>\n<meta property=\"og:locale\" content=\"pl_PL\" \/>\n<meta property=\"og:type\" content=\"article\" \/>\n<meta property=\"og:title\" content=\"O mnie - Lekarz dentysta Agnieszka Pu\u0142awska-Ga\u0142ek\" \/>\n<meta property=\"og:description\" content=\"Przebyte kursy i konferencje: Zastosowanie toksyny botulinowej i kwasu hialuronowego w gabinecie stomatologicznym. Medycyna estetyczna w gabinecie stomatologicznym &#8211; kompleksowe, wielospecjalistyczne spojrzenie na naszych pacjenowt, prowadzacy lek.dent.Karolina Kusnierz EndoHero, prowadz\u0105cy lek. dent. Tomasz Wujec Ekstremalne krzywizny- nowoczesna endodoncja, program intensywny. Stopie\u0144 2, prowadz\u0105cy dr n. med. Piotr Wujec \u2013 18.02.2023r. Chwy\u0107 endodoncj\u0119 za rogi stopie\u0144...\" \/>\n<meta property=\"og:url\" content=\"https:\/\/www.pulawska-stomatolog.pl\/?page_id=14199\" \/>\n<meta property=\"og:site_name\" content=\"Lekarz dentysta Agnieszka Pu\u0142awska-Ga\u0142ek\" \/>\n<meta property=\"article:modified_time\" content=\"2024-11-03T14:41:42+00:00\" \/>\n<meta property=\"og:image\" content=\"https:\/\/www.pulawska-stomatolog.pl\/wp-content\/uploads\/2024\/11\/DSC_4309-681x1024.jpg\" \/>\n<meta name=\"twitter:card\" content=\"summary_large_image\" \/>\n<meta name=\"twitter:label1\" content=\"Szacowany czas czytania\" \/>\n\t<meta name=\"twitter:data1\" content=\"2 minuty\" \/>\n<script type=\"application\/ld+json\" class=\"yoast-schema-graph\">{\"@context\":\"https:\\\/\\\/schema.org\",\"@graph\":[{\"@type\":\"WebPage\",\"@id\":\"https:\\\/\\\/www.pulawska-stomatolog.pl\\\/?page_id=14199\",\"url\":\"https:\\\/\\\/www.pulawska-stomatolog.pl\\\/?page_id=14199\",\"name\":\"O mnie - Lekarz dentysta Agnieszka Pu\u0142awska-Ga\u0142ek\",\"isPartOf\":{\"@id\":\"https:\\\/\\\/www.pulawska-stomatolog.pl\\\/#website\"},\"primaryImageOfPage\":{\"@id\":\"https:\\\/\\\/www.pulawska-stomatolog.pl\\\/?page_id=14199#primaryimage\"},\"image\":{\"@id\":\"https:\\\/\\\/www.pulawska-stomatolog.pl\\\/?page_id=14199#primaryimage\"},\"thumbnailUrl\":\"https:\\\/\\\/www.pulawska-stomatolog.pl\\\/wp-content\\\/uploads\\\/2024\\\/11\\\/DSC_4309-681x1024.jpg\",\"datePublished\":\"2022-08-03T06:59:07+00:00\",\"dateModified\":\"2024-11-03T14:41:42+00:00\",\"breadcrumb\":{\"@id\":\"https:\\\/\\\/www.pulawska-stomatolog.pl\\\/?page_id=14199#breadcrumb\"},\"inLanguage\":\"pl-PL\",\"potentialAction\":[{\"@type\":\"ReadAction\",\"target\":[\"https:\\\/\\\/www.pulawska-stomatolog.pl\\\/?page_id=14199\"]}]},{\"@type\":\"ImageObject\",\"inLanguage\":\"pl-PL\",\"@id\":\"https:\\\/\\\/www.pulawska-stomatolog.pl\\\/?page_id=14199#primaryimage\",\"url\":\"https:\\\/\\\/www.pulawska-stomatolog.pl\\\/wp-content\\\/uploads\\\/2024\\\/11\\\/DSC_4309-scaled.jpg\",\"contentUrl\":\"https:\\\/\\\/www.pulawska-stomatolog.pl\\\/wp-content\\\/uploads\\\/2024\\\/11\\\/DSC_4309-scaled.jpg\",\"width\":1703,\"height\":2560},{\"@type\":\"BreadcrumbList\",\"@id\":\"https:\\\/\\\/www.pulawska-stomatolog.pl\\\/?page_id=14199#breadcrumb\",\"itemListElement\":[{\"@type\":\"ListItem\",\"position\":1,\"name\":\"Strona g\u0142\u00f3wna\",\"item\":\"https:\\\/\\\/www.pulawska-stomatolog.pl\\\/\"},{\"@type\":\"ListItem\",\"position\":2,\"name\":\"O mnie\"}]},{\"@type\":\"WebSite\",\"@id\":\"https:\\\/\\\/www.pulawska-stomatolog.pl\\\/#website\",\"url\":\"https:\\\/\\\/www.pulawska-stomatolog.pl\\\/\",\"name\":\"Lekarz dentysta Agnieszka Pu\u0142awska-Ga\u0142ek\",\"description\":\"Prywatna Praktyka Dentystyczna\",\"potentialAction\":[{\"@type\":\"SearchAction\",\"target\":{\"@type\":\"EntryPoint\",\"urlTemplate\":\"https:\\\/\\\/www.pulawska-stomatolog.pl\\\/?s={search_term_string}\"},\"query-input\":{\"@type\":\"PropertyValueSpecification\",\"valueRequired\":true,\"valueName\":\"search_term_string\"}}],\"inLanguage\":\"pl-PL\"}]}<\/script>\n<!-- \/ Yoast SEO plugin. -->","yoast_head_json":{"title":"O mnie - Lekarz dentysta Agnieszka Pu\u0142awska-Ga\u0142ek","robots":{"index":"index","follow":"follow","max-snippet":"max-snippet:-1","max-image-preview":"max-image-preview:large","max-video-preview":"max-video-preview:-1"},"canonical":"https:\/\/www.pulawska-stomatolog.pl\/?page_id=14199","og_locale":"pl_PL","og_type":"article","og_title":"O mnie - Lekarz dentysta Agnieszka Pu\u0142awska-Ga\u0142ek","og_description":"Przebyte kursy i konferencje: Zastosowanie toksyny botulinowej i kwasu hialuronowego w gabinecie stomatologicznym. Medycyna estetyczna w gabinecie stomatologicznym &#8211; kompleksowe, wielospecjalistyczne spojrzenie na naszych pacjenowt, prowadzacy lek.dent.Karolina Kusnierz EndoHero, prowadz\u0105cy lek. dent. Tomasz Wujec Ekstremalne krzywizny- nowoczesna endodoncja, program intensywny. Stopie\u0144 2, prowadz\u0105cy dr n. med. Piotr Wujec \u2013 18.02.2023r. Chwy\u0107 endodoncj\u0119 za rogi stopie\u0144...","og_url":"https:\/\/www.pulawska-stomatolog.pl\/?page_id=14199","og_site_name":"Lekarz dentysta Agnieszka Pu\u0142awska-Ga\u0142ek","article_modified_time":"2024-11-03T14:41:42+00:00","og_image":[{"url":"https:\/\/www.pulawska-stomatolog.pl\/wp-content\/uploads\/2024\/11\/DSC_4309-681x1024.jpg","type":"","width":"","height":""}],"twitter_card":"summary_large_image","twitter_misc":{"Szacowany czas czytania":"2 minuty"},"schema":{"@context":"https:\/\/schema.org","@graph":[{"@type":"WebPage","@id":"https:\/\/www.pulawska-stomatolog.pl\/?page_id=14199","url":"https:\/\/www.pulawska-stomatolog.pl\/?page_id=14199","name":"O mnie - Lekarz dentysta Agnieszka Pu\u0142awska-Ga\u0142ek","isPartOf":{"@id":"https:\/\/www.pulawska-stomatolog.pl\/#website"},"primaryImageOfPage":{"@id":"https:\/\/www.pulawska-stomatolog.pl\/?page_id=14199#primaryimage"},"image":{"@id":"https:\/\/www.pulawska-stomatolog.pl\/?page_id=14199#primaryimage"},"thumbnailUrl":"https:\/\/www.pulawska-stomatolog.pl\/wp-content\/uploads\/2024\/11\/DSC_4309-681x1024.jpg","datePublished":"2022-08-03T06:59:07+00:00","dateModified":"2024-11-03T14:41:42+00:00","breadcrumb":{"@id":"https:\/\/www.pulawska-stomatolog.pl\/?page_id=14199#breadcrumb"},"inLanguage":"pl-PL","potentialAction":[{"@type":"ReadAction","target":["https:\/\/www.pulawska-stomatolog.pl\/?page_id=14199"]}]},{"@type":"ImageObject","inLanguage":"pl-PL","@id":"https:\/\/www.pulawska-stomatolog.pl\/?page_id=14199#primaryimage","url":"https:\/\/www.pulawska-stomatolog.pl\/wp-content\/uploads\/2024\/11\/DSC_4309-scaled.jpg","contentUrl":"https:\/\/www.pulawska-stomatolog.pl\/wp-content\/uploads\/2024\/11\/DSC_4309-scaled.jpg","width":1703,"height":2560},{"@type":"BreadcrumbList","@id":"https:\/\/www.pulawska-stomatolog.pl\/?page_id=14199#breadcrumb","itemListElement":[{"@type":"ListItem","position":1,"name":"Strona g\u0142\u00f3wna","item":"https:\/\/www.pulawska-stomatolog.pl\/"},{"@type":"ListItem","position":2,"name":"O mnie"}]},{"@type":"WebSite","@id":"https:\/\/www.pulawska-stomatolog.pl\/#website","url":"https:\/\/www.pulawska-stomatolog.pl\/","name":"Lekarz dentysta Agnieszka Pu\u0142awska-Ga\u0142ek","description":"Prywatna Praktyka Dentystyczna","potentialAction":[{"@type":"SearchAction","target":{"@type":"EntryPoint","urlTemplate":"https:\/\/www.pulawska-stomatolog.pl\/?s={search_term_string}"},"query-input":{"@type":"PropertyValueSpecification","valueRequired":true,"valueName":"search_term_string"}}],"inLanguage":"pl-PL"}]}},"jetpack_sharing_enabled":true,"_links":{"self":[{"href":"https:\/\/www.pulawska-stomatolog.pl\/index.php?rest_route=\/wp\/v2\/pages\/14199","targetHints":{"allow":["GET"]}}],"collection":[{"href":"https:\/\/www.pulawska-stomatolog.pl\/index.php?rest_route=\/wp\/v2\/pages"}],"about":[{"href":"https:\/\/www.pulawska-stomatolog.pl\/index.php?rest_route=\/wp\/v2\/types\/page"}],"author":[{"embeddable":true,"href":"https:\/\/www.pulawska-stomatolog.pl\/index.php?rest_route=\/wp\/v2\/users\/1"}],"replies":[{"embeddable":true,"href":"https:\/\/www.pulawska-stomatolog.pl\/index.php?rest_route=%2Fwp%2Fv2%2Fcomments&post=14199"}],"version-history":[{"count":4,"href":"https:\/\/www.pulawska-stomatolog.pl\/index.php?rest_route=\/wp\/v2\/pages\/14199\/revisions"}],"predecessor-version":[{"id":14496,"href":"https:\/\/www.pulawska-stomatolog.pl\/index.php?rest_route=\/wp\/v2\/pages\/14199\/revisions\/14496"}],"wp:attachment":[{"href":"https:\/\/www.pulawska-stomatolog.pl\/index.php?rest_route=%2Fwp%2Fv2%2Fmedia&parent=14199"}],"curies":[{"name":"wp","href":"https:\/\/api.w.org\/{rel}","templated":true}]}}