{"id":11056,"date":"2022-06-20T09:21:54","date_gmt":"2022-06-20T09:21:54","guid":{"rendered":"https:\/\/wordpressthemes.live\/WP01\/WP017\/?page_id=11056"},"modified":"2024-11-03T14:09:10","modified_gmt":"2024-11-03T14:09:10","slug":"services","status":"publish","type":"page","link":"https:\/\/www.pulawska-stomatolog.pl\/?page_id=11056","title":{"rendered":"Gabinety"},"content":{"rendered":"\t\t<div data-elementor-type=\"wp-page\" data-elementor-id=\"11056\" class=\"elementor elementor-11056\">\n\t\t\t\t\t\t<div class=\"elementor-section elementor-top-section elementor-element elementor-element-2a6f8e9 elementor-section-boxed elementor-section-height-default elementor-section-height-default\" data-id=\"2a6f8e9\" data-element_type=\"section\" data-e-type=\"section\">\n\t\t\t\t\t\t<div class=\"elementor-container elementor-column-gap-default\">\n\t\t\t\t\t<div class=\"elementor-column elementor-col-100 elementor-top-column elementor-element elementor-element-a0122d5\" data-id=\"a0122d5\" data-element_type=\"column\" data-e-type=\"column\">\n\t\t\t<div class=\"elementor-widget-wrap elementor-element-populated\">\n\t\t\t\t\t\t<div class=\"elementor-element elementor-element-eafe3ac elementor-widget elementor-widget-heading\" data-id=\"eafe3ac\" data-element_type=\"widget\" data-e-type=\"widget\" data-widget_type=\"heading.default\">\n\t\t\t\t<div class=\"elementor-widget-container\">\n\t\t\t\t\t<h1 class=\"elementor-heading-title elementor-size-default\">Siedziby gabinet\u00f3w<\/h1>\t\t\t\t<\/div>\n\t\t\t\t<\/div>\n\t\t\t\t\t<\/div>\n\t\t<\/div>\n\t\t\t\t\t<\/div>\n\t\t<\/div>\n\t\t<div class=\"elementor-element elementor-element-38249a7 e-grid e-con-boxed e-con e-parent\" data-id=\"38249a7\" data-element_type=\"container\" data-e-type=\"container\">\n\t\t\t\t\t<div class=\"e-con-inner\">\n\t\t\t\t<div class=\"elementor-element elementor-element-ec1eb20 elementor-position-top elementor-widget elementor-widget-image-box\" data-id=\"ec1eb20\" data-element_type=\"widget\" data-e-type=\"widget\" data-widget_type=\"image-box.default\">\n\t\t\t\t<div class=\"elementor-widget-container\">\n\t\t\t\t\t<div class=\"elementor-image-box-wrapper\"><figure class=\"elementor-image-box-img\"><a href=\"https:\/\/mmkaczmarek.pl\/\" tabindex=\"-1\"><img decoding=\"async\" width=\"244\" height=\"117\" src=\"https:\/\/www.pulawska-stomatolog.pl\/wp-content\/uploads\/2024\/11\/kaczmarek-logo-small.png\" class=\"attachment-full size-full wp-image-14468\" alt=\"\" \/><\/a><\/figure><div class=\"elementor-image-box-content\"><h3 class=\"elementor-image-box-title\"><a href=\"https:\/\/mmkaczmarek.pl\/\">M.M.Kaczmarek<\/a><\/h3><p class=\"elementor-image-box-description\">UL. A.ZAMOYSKIEGO 2\n58-560 JELENIA G\u00d3RA\n +48 75 75 518 36\n +48 796 630 300<\/p><\/div><\/div>\t\t\t\t<\/div>\n\t\t\t\t<\/div>\n\t\t\t\t<div class=\"elementor-element elementor-element-53c5c99 elementor-position-top elementor-widget elementor-widget-image-box\" data-id=\"53c5c99\" data-element_type=\"widget\" data-e-type=\"widget\" data-widget_type=\"image-box.default\">\n\t\t\t\t<div class=\"elementor-widget-container\">\n\t\t\t\t\t<div class=\"elementor-image-box-wrapper\"><figure class=\"elementor-image-box-img\"><a href=\"https:\/\/stomatologiacieplice.pl\/\" tabindex=\"-1\"><img decoding=\"async\" width=\"300\" height=\"42\" src=\"https:\/\/www.pulawska-stomatolog.pl\/wp-content\/uploads\/2024\/11\/cropped-logo-300x42-1.png\" class=\"attachment-full size-full wp-image-14469\" alt=\"\" \/><\/a><\/figure><div class=\"elementor-image-box-content\"><h3 class=\"elementor-image-box-title\"><a href=\"https:\/\/stomatologiacieplice.pl\/\">Stomatologia Cieplice<\/a><\/h3><p class=\"elementor-image-box-description\">UL. Cieplicka 114, 58-560 Jelenia G\u00f3ra  \n729-003-393\n<\/p><\/div><\/div>\t\t\t\t<\/div>\n\t\t\t\t<\/div>\n\t\t\t\t<div class=\"elementor-element elementor-element-d4f8045 elementor-position-top elementor-widget elementor-widget-image-box\" data-id=\"d4f8045\" data-element_type=\"widget\" data-e-type=\"widget\" data-widget_type=\"image-box.default\">\n\t\t\t\t<div class=\"elementor-widget-container\">\n\t\t\t\t\t<div class=\"elementor-image-box-wrapper\"><figure class=\"elementor-image-box-img\"><a href=\"https:\/\/centrumstomatologiczne.com.pl\/\" tabindex=\"-1\"><img decoding=\"async\" src=\"https:\/\/www.pulawska-stomatolog.pl\/wp-content\/uploads\/2022\/08\/loc.svg\" class=\"attachment-full size-full wp-image-13734\" alt=\"\" \/><\/a><\/figure><div class=\"elementor-image-box-content\"><h3 class=\"elementor-image-box-title\"><a href=\"https:\/\/centrumstomatologiczne.com.pl\/\">Centrum Stomatologiczne<\/a><\/h3><p class=\"elementor-image-box-description\">Centrum Stomatologiczne, Aleja Wojska Polskiego 36, 58-500 Jelenia G\u00f3ra, 731 185 185<\/p><\/div><\/div>\t\t\t\t<\/div>\n\t\t\t\t<\/div>\n\t\t\t\t<div class=\"elementor-element elementor-element-d9e40bf elementor-widget elementor-widget-heading\" data-id=\"d9e40bf\" data-element_type=\"widget\" data-e-type=\"widget\" data-widget_type=\"heading.default\">\n\t\t\t\t<div class=\"elementor-widget-container\">\n\t\t\t\t\t<span class=\"elementor-heading-title elementor-size-default\">\n <\/span>\t\t\t\t<\/div>\n\t\t\t\t<\/div>\n\t\t\t\t\t<\/div>\n\t\t\t\t<\/div>\n\t\t\t\t<\/div>\n\t\t","protected":false},"excerpt":{"rendered":"<p>Siedziby gabinet\u00f3w M.M.Kaczmarek UL. A.ZAMOYSKIEGO 2 58-560 JELENIA G\u00d3RA +48 75 75 518 36 +48 796 630 300 Stomatologia Cieplice UL. Cieplicka 114, 58-560 Jelenia G\u00f3ra 729-003-393 Centrum Stomatologiczne Centrum Stomatologiczne, Aleja Wojska Polskiego 36, 58-500 Jelenia G\u00f3ra, 731 185 185<\/p>\n","protected":false},"author":1,"featured_media":0,"parent":0,"menu_order":0,"comment_status":"closed","ping_status":"closed","template":"","meta":{"_sitemap_exclude":false,"_sitemap_priority":"","_sitemap_frequency":"","_tbt_post_transparent":"","_tbt_post_title":"default","_tbt_post_layout":"default","_tbt_post_sidebar_id":"","_tbt_post_content_style":"default","_tbt_post_vertical_padding":"default","_tbt_post_feature":"default","_tbt_post_feature_position":"","_tbt_post_header":false,"_tbt_post_footer":false},"class_list":["post-11056","page","type-page","status-publish","hentry"],"yoast_head":"<!-- This site is optimized with the Yoast SEO plugin v27.4 - https:\/\/yoast.com\/product\/yoast-seo-wordpress\/ -->\n<title>Gabinety - Lekarz dentysta Agnieszka Pu\u0142awska-Ga\u0142ek<\/title>\n<meta name=\"robots\" content=\"index, follow, max-snippet:-1, max-image-preview:large, max-video-preview:-1\" \/>\n<link rel=\"canonical\" href=\"https:\/\/www.pulawska-stomatolog.pl\/?page_id=11056\" \/>\n<meta property=\"og:locale\" content=\"pl_PL\" \/>\n<meta property=\"og:type\" content=\"article\" \/>\n<meta property=\"og:title\" content=\"Gabinety - Lekarz dentysta Agnieszka Pu\u0142awska-Ga\u0142ek\" \/>\n<meta property=\"og:description\" content=\"Siedziby gabinet\u00f3w M.M.Kaczmarek UL. A.ZAMOYSKIEGO 2 58-560 JELENIA G\u00d3RA +48 75 75 518 36 +48 796 630 300 Stomatologia Cieplice UL. Cieplicka 114, 58-560 Jelenia G\u00f3ra 729-003-393 Centrum Stomatologiczne Centrum Stomatologiczne, Aleja Wojska Polskiego 36, 58-500 Jelenia G\u00f3ra, 731 185 185\" \/>\n<meta property=\"og:url\" content=\"https:\/\/www.pulawska-stomatolog.pl\/?page_id=11056\" \/>\n<meta property=\"og:site_name\" content=\"Lekarz dentysta Agnieszka Pu\u0142awska-Ga\u0142ek\" \/>\n<meta property=\"article:modified_time\" content=\"2024-11-03T14:09:10+00:00\" \/>\n<meta property=\"og:image\" content=\"https:\/\/www.pulawska-stomatolog.pl\/wp-content\/uploads\/2024\/11\/kaczmarek-logo-small.png\" \/>\n<meta name=\"twitter:card\" content=\"summary_large_image\" \/>\n<script type=\"application\/ld+json\" class=\"yoast-schema-graph\">{\"@context\":\"https:\\\/\\\/schema.org\",\"@graph\":[{\"@type\":\"WebPage\",\"@id\":\"https:\\\/\\\/www.pulawska-stomatolog.pl\\\/?page_id=11056\",\"url\":\"https:\\\/\\\/www.pulawska-stomatolog.pl\\\/?page_id=11056\",\"name\":\"Gabinety - Lekarz dentysta Agnieszka Pu\u0142awska-Ga\u0142ek\",\"isPartOf\":{\"@id\":\"https:\\\/\\\/www.pulawska-stomatolog.pl\\\/#website\"},\"primaryImageOfPage\":{\"@id\":\"https:\\\/\\\/www.pulawska-stomatolog.pl\\\/?page_id=11056#primaryimage\"},\"image\":{\"@id\":\"https:\\\/\\\/www.pulawska-stomatolog.pl\\\/?page_id=11056#primaryimage\"},\"thumbnailUrl\":\"https:\\\/\\\/www.pulawska-stomatolog.pl\\\/wp-content\\\/uploads\\\/2024\\\/11\\\/kaczmarek-logo-small.png\",\"datePublished\":\"2022-06-20T09:21:54+00:00\",\"dateModified\":\"2024-11-03T14:09:10+00:00\",\"breadcrumb\":{\"@id\":\"https:\\\/\\\/www.pulawska-stomatolog.pl\\\/?page_id=11056#breadcrumb\"},\"inLanguage\":\"pl-PL\",\"potentialAction\":[{\"@type\":\"ReadAction\",\"target\":[\"https:\\\/\\\/www.pulawska-stomatolog.pl\\\/?page_id=11056\"]}]},{\"@type\":\"ImageObject\",\"inLanguage\":\"pl-PL\",\"@id\":\"https:\\\/\\\/www.pulawska-stomatolog.pl\\\/?page_id=11056#primaryimage\",\"url\":\"https:\\\/\\\/www.pulawska-stomatolog.pl\\\/wp-content\\\/uploads\\\/2024\\\/11\\\/kaczmarek-logo-small.png\",\"contentUrl\":\"https:\\\/\\\/www.pulawska-stomatolog.pl\\\/wp-content\\\/uploads\\\/2024\\\/11\\\/kaczmarek-logo-small.png\",\"width\":244,\"height\":117},{\"@type\":\"BreadcrumbList\",\"@id\":\"https:\\\/\\\/www.pulawska-stomatolog.pl\\\/?page_id=11056#breadcrumb\",\"itemListElement\":[{\"@type\":\"ListItem\",\"position\":1,\"name\":\"Strona g\u0142\u00f3wna\",\"item\":\"https:\\\/\\\/www.pulawska-stomatolog.pl\\\/\"},{\"@type\":\"ListItem\",\"position\":2,\"name\":\"Gabinety\"}]},{\"@type\":\"WebSite\",\"@id\":\"https:\\\/\\\/www.pulawska-stomatolog.pl\\\/#website\",\"url\":\"https:\\\/\\\/www.pulawska-stomatolog.pl\\\/\",\"name\":\"Lekarz dentysta Agnieszka Pu\u0142awska-Ga\u0142ek\",\"description\":\"Prywatna Praktyka Dentystyczna\",\"potentialAction\":[{\"@type\":\"SearchAction\",\"target\":{\"@type\":\"EntryPoint\",\"urlTemplate\":\"https:\\\/\\\/www.pulawska-stomatolog.pl\\\/?s={search_term_string}\"},\"query-input\":{\"@type\":\"PropertyValueSpecification\",\"valueRequired\":true,\"valueName\":\"search_term_string\"}}],\"inLanguage\":\"pl-PL\"}]}<\/script>\n<!-- \/ Yoast SEO plugin. -->","yoast_head_json":{"title":"Gabinety - Lekarz dentysta Agnieszka Pu\u0142awska-Ga\u0142ek","robots":{"index":"index","follow":"follow","max-snippet":"max-snippet:-1","max-image-preview":"max-image-preview:large","max-video-preview":"max-video-preview:-1"},"canonical":"https:\/\/www.pulawska-stomatolog.pl\/?page_id=11056","og_locale":"pl_PL","og_type":"article","og_title":"Gabinety - Lekarz dentysta Agnieszka Pu\u0142awska-Ga\u0142ek","og_description":"Siedziby gabinet\u00f3w M.M.Kaczmarek UL. A.ZAMOYSKIEGO 2 58-560 JELENIA G\u00d3RA +48 75 75 518 36 +48 796 630 300 Stomatologia Cieplice UL. Cieplicka 114, 58-560 Jelenia G\u00f3ra 729-003-393 Centrum Stomatologiczne Centrum Stomatologiczne, Aleja Wojska Polskiego 36, 58-500 Jelenia G\u00f3ra, 731 185 185","og_url":"https:\/\/www.pulawska-stomatolog.pl\/?page_id=11056","og_site_name":"Lekarz dentysta Agnieszka Pu\u0142awska-Ga\u0142ek","article_modified_time":"2024-11-03T14:09:10+00:00","og_image":[{"url":"https:\/\/www.pulawska-stomatolog.pl\/wp-content\/uploads\/2024\/11\/kaczmarek-logo-small.png","type":"","width":"","height":""}],"twitter_card":"summary_large_image","schema":{"@context":"https:\/\/schema.org","@graph":[{"@type":"WebPage","@id":"https:\/\/www.pulawska-stomatolog.pl\/?page_id=11056","url":"https:\/\/www.pulawska-stomatolog.pl\/?page_id=11056","name":"Gabinety - Lekarz dentysta Agnieszka Pu\u0142awska-Ga\u0142ek","isPartOf":{"@id":"https:\/\/www.pulawska-stomatolog.pl\/#website"},"primaryImageOfPage":{"@id":"https:\/\/www.pulawska-stomatolog.pl\/?page_id=11056#primaryimage"},"image":{"@id":"https:\/\/www.pulawska-stomatolog.pl\/?page_id=11056#primaryimage"},"thumbnailUrl":"https:\/\/www.pulawska-stomatolog.pl\/wp-content\/uploads\/2024\/11\/kaczmarek-logo-small.png","datePublished":"2022-06-20T09:21:54+00:00","dateModified":"2024-11-03T14:09:10+00:00","breadcrumb":{"@id":"https:\/\/www.pulawska-stomatolog.pl\/?page_id=11056#breadcrumb"},"inLanguage":"pl-PL","potentialAction":[{"@type":"ReadAction","target":["https:\/\/www.pulawska-stomatolog.pl\/?page_id=11056"]}]},{"@type":"ImageObject","inLanguage":"pl-PL","@id":"https:\/\/www.pulawska-stomatolog.pl\/?page_id=11056#primaryimage","url":"https:\/\/www.pulawska-stomatolog.pl\/wp-content\/uploads\/2024\/11\/kaczmarek-logo-small.png","contentUrl":"https:\/\/www.pulawska-stomatolog.pl\/wp-content\/uploads\/2024\/11\/kaczmarek-logo-small.png","width":244,"height":117},{"@type":"BreadcrumbList","@id":"https:\/\/www.pulawska-stomatolog.pl\/?page_id=11056#breadcrumb","itemListElement":[{"@type":"ListItem","position":1,"name":"Strona g\u0142\u00f3wna","item":"https:\/\/www.pulawska-stomatolog.pl\/"},{"@type":"ListItem","position":2,"name":"Gabinety"}]},{"@type":"WebSite","@id":"https:\/\/www.pulawska-stomatolog.pl\/#website","url":"https:\/\/www.pulawska-stomatolog.pl\/","name":"Lekarz dentysta Agnieszka Pu\u0142awska-Ga\u0142ek","description":"Prywatna Praktyka Dentystyczna","potentialAction":[{"@type":"SearchAction","target":{"@type":"EntryPoint","urlTemplate":"https:\/\/www.pulawska-stomatolog.pl\/?s={search_term_string}"},"query-input":{"@type":"PropertyValueSpecification","valueRequired":true,"valueName":"search_term_string"}}],"inLanguage":"pl-PL"}]}},"jetpack_sharing_enabled":true,"_links":{"self":[{"href":"https:\/\/www.pulawska-stomatolog.pl\/index.php?rest_route=\/wp\/v2\/pages\/11056","targetHints":{"allow":["GET"]}}],"collection":[{"href":"https:\/\/www.pulawska-stomatolog.pl\/index.php?rest_route=\/wp\/v2\/pages"}],"about":[{"href":"https:\/\/www.pulawska-stomatolog.pl\/index.php?rest_route=\/wp\/v2\/types\/page"}],"author":[{"embeddable":true,"href":"https:\/\/www.pulawska-stomatolog.pl\/index.php?rest_route=\/wp\/v2\/users\/1"}],"replies":[{"embeddable":true,"href":"https:\/\/www.pulawska-stomatolog.pl\/index.php?rest_route=%2Fwp%2Fv2%2Fcomments&post=11056"}],"version-history":[{"count":7,"href":"https:\/\/www.pulawska-stomatolog.pl\/index.php?rest_route=\/wp\/v2\/pages\/11056\/revisions"}],"predecessor-version":[{"id":14475,"href":"https:\/\/www.pulawska-stomatolog.pl\/index.php?rest_route=\/wp\/v2\/pages\/11056\/revisions\/14475"}],"wp:attachment":[{"href":"https:\/\/www.pulawska-stomatolog.pl\/index.php?rest_route=%2Fwp%2Fv2%2Fmedia&parent=11056"}],"curies":[{"name":"wp","href":"https:\/\/api.w.org\/{rel}","templated":true}]}}